{"id":3896,"date":"2020-11-16T15:32:27","date_gmt":"2020-11-16T14:32:27","guid":{"rendered":"https:\/\/www.isba.fr\/enterprises\/apprenticeship-tax"},"modified":"2025-08-21T13:23:44","modified_gmt":"2025-08-21T11:23:44","slug":"apprenticeship-tax","status":"publish","type":"page","link":"https:\/\/www.isba.fr\/en\/home\/enterprises\/apprenticeship-tax","title":{"rendered":"Apprenticeship tax"},"content":{"rendered":"<section class=\"hero_section hero_page with_dots\">\n  <div class=\"hero\" style=\"background: url(https:\/\/www.isba.fr\/wp-content\/uploads\/2022\/01\/Format-paysage_1112x502px-1-1.png) no-repeat center center; background-size: cover;\">\n  <\/div>\n  <div class=\"title\">\n    <div class=\"hero_title with_works\">\n      <h1>The Apprenticeship Tax<\/h1>\n      <div class=\"works\">\n        <svg class=\"icon\">\n          <use class=\"inner_icon\" xlink:href=\"#big_work\"><\/use>\n        <\/svg>\n      <\/div>\n    <\/div>\n        <div class=\"sub_title\">\n      <h1>Why allocate your apprenticeship tax to ISBA TP<\/h1>\n    <\/div>\n      <\/div>\n\n    <div class=\"sibling_menu with_double_blue\">\n    <div class=\"sibling_menu_wrapper container\">\n      <ul>\n                          <li><a href=\"https:\/\/www.isba.fr\/en\/home\/enterprises\/research\">Research<\/a><\/li>\n                  <li><a href=\"https:\/\/www.isba.fr\/en\/home\/enterprises\/recruit-our-graduates\">Recruit our graduates<\/a><\/li>\n                  <li><a href=\"https:\/\/www.isba.fr\/en\/home\/enterprises\/business-services\">Business Services<\/a><\/li>\n                  <li><a href=\"https:\/\/www.isba.fr\/en\/home\/enterprises\/apprenticeship-tax\">Apprenticeship tax<\/a><\/li>\n              <\/ul>\n    <\/div>\n  <\/div>\n    <div class=\"dots_bg\"><\/div>\n<\/section>\n\n<section class=\"full_text\">\n  <div class=\"title_col with_dots\">\n                <div class=\"bloc_title\">\n        <h2>Why ISBA TP<\/h2>\n      <\/div>\n            <div class=\"dots_bg\"><\/div>\n      <\/div>\n  <div class=\"text_col\">\n    <h3><strong>ISBA TP IN A NUTSHELL<\/strong><\/h3>\n<p>The<a href=\"http:\/\/isba.fr\" target=\"_blank\" rel=\"noopener\"> Institut Sup\u00e9rieur du B\u00e2timent et des Travaux Publics<\/a> is the<strong> partner of professionals in the building and public works industry and in engineering<\/strong>.<\/p>\n<p>ISBA TP offers :<\/p>\n<ul>\n<li>A <strong>courses of engineers specializing in BTP<\/strong> in the field of engineering structures and structures interacting with the ground (tunnels, dams, maritime structures).<br \/>\n<strong>A recognized construction course<\/strong>: it is intended for graduate engineers or holders of a Master II in Civil Engineering.<\/li>\n<li><strong>Training that meets the needs of companies<\/strong>: the program is established in partnership with the industry (companies, design offices and control offices).<\/li>\n<li><strong>High quality teaching:<\/strong> the lecturers are experts working in the construction sector.<\/li>\n<li><strong>Services to companies : <\/strong>A modeling problem, an expertise, a diagnosis? ISBA-TP can meet the needs of companies in the building and public works sector, project managers and contracting authorities.<\/li>\n<li><strong><a href=\"https:\/\/www.isba.fr\/en\/specialization-training-at-isba-tp\/continuing-education-at-isba-tp\">Continuing education or professional training<\/a> : <\/strong>Vocational training sessions are organized by FORMISBA on behalf of professional organizations, companies or design offices and from a program established each year.<\/li>\n<\/ul>\n\n  <\/div>\n<\/section>\n\n<section class=\"full_text\">\n  <div class=\"title_col with_dots\">\n                <div class=\"bloc_title\">\n        <h2>Why allocate your apprenticeship tax to the Institut Sup\u00e9rieur du BTP?<\/h2>\n      <\/div>\n            <div class=\"dots_bg\"><\/div>\n      <\/div>\n  <div class=\"text_col\">\n    <h2>allocate your apprenticeship tax to ISBA TP<\/h2>\n<p>&nbsp;<\/p>\n<p>When you allocate your <a href=\"https:\/\/taxe-apprentissage.cciamp.com\/#nos-ecoles\" target=\"_blank\" rel=\"noopener\">apprenticeship tax to ISBA TP<\/a>, you are supporting all our missions as an Institut Sup\u00e9rieur du BTP and in our business sector. You&#8217;re helping us to offer <strong>high-quality, highly-qualified training.<\/strong> We share the same objective: to train the high-performance engineers of today and tomorrow.<\/p>\n<p>&nbsp;<\/p>\n<p>Well-trained professionals are the key to a healthy industry!<\/p>\n\n  <\/div>\n<\/section>\n\n<section class=\"full_text\">\n  <div class=\"title_col with_dots\">\n                <div class=\"bloc_title\">\n        <h2>Practicalities<\/h2>\n      <\/div>\n            <div class=\"dots_bg\"><\/div>\n      <\/div>\n  <div class=\"text_col\">\n    <h3>Apprenticeship tax, what&#8217;s changing!<\/h3>\n<p>URSSAF* now collects the continuing vocational training tax, as well as the main part of the apprenticeship tax, on a monthly basis, from your payroll.<\/p>\n<p>The balance of the taxe d&#8217;apprentissage (apprenticeship tax) will be deducted in May, based on the declaration made on your DSN return for payroll year N-1. You will then need to log on to the SOLT\u00e9A platform provided by the Caisse des D\u00e9p\u00f4ts et Consignations, to allocate your contribution to the establishments of your choice.<\/p>\n<p>&nbsp;<\/p>\n<h3>Apprenticeship tax balance<\/h3>\n<p><strong>Payment<\/strong><br \/>\nThe balance of the apprenticeship tax (0.09%), which is used to finance the development of initial technological and vocational training (initial training, orientation and career discovery), no longer needs to be paid directly to the chosen establishments.<\/p>\n<p>&nbsp;<\/p>\n<p><strong>Allocation<\/strong><br \/>\nOnce collected by URSSAF, these sums must be allocated to the establishments of your choice on a dedicated platform set up by the Caisse des D\u00e9p\u00f4ts et Consignation (CDC). Repayments to the institutions will then be globalized and carried out by the CDC. This CDC platform will be accessible on <strong>May 26, 2025.<\/strong><\/p>\n<p>Your DSN will serve as a discharge receipt, and the beneficiary establishment will no longer need to issue one.<\/p>\n<p>You can easily choose ISBA TP by entering its UAI code: <strong>0130238N.<\/strong><\/p>\n<p>&nbsp;<\/p>\n<p>You should also know that our Campus is home to 2 other establishments that can also be linked:<\/p>\n<ul>\n<li>L&#8217;Ecole Pratique by entering its UAI code: <strong>0131404F (tertiary training establishment)<\/strong><\/li>\n<li>Le Point Orientation Apprentissage, search by name (for information, we don&#8217;t have a UAI code for the POA).<\/li>\n<\/ul>\n<p><a href=\"https:\/\/www.soltea.education.gouv.fr\/espace-public\/\" target=\"_blank\" rel=\"noopener\">SOLT\u00e9A, platform for the distribution of the balance of the apprenticeship tax (education.gouv.fr)<\/a><\/p>\n<p>* Union de Recouvrement des cotisations de S\u00e9curit\u00e9 Sociale et d&#8217;Allocations Familiales (Union for the Collection of Social Security and Family Allowance Contributions)<\/p>\n<p>&nbsp;<\/p>\n\n  <\/div>\n<\/section>\n\n<section class=\"buttons with_double_blue\">\n  <div class=\"buttons_container for_btn container\">\n    <div class=\"button\">\n    <a href=\"https:\/\/www.isba.fr\/en\/specialization-training-at-isba-tp\">\n            <img decoding=\"async\" src=\"https:\/\/www.isba.fr\/wp-content\/uploads\/2020\/10\/formations.svg\" alt=\"\">\n      Our trainings\n    <\/a>  \n  <\/div>\n    <div class=\"button\">\n    <a href=\"https:\/\/www.isba.fr\/en\/specialization-training-at-isba-tp\/continuing-education-at-isba-tp\">\n            <img decoding=\"async\" src=\"https:\/\/www.isba.fr\/wp-content\/uploads\/2020\/10\/formation_continue_ok.svg\" alt=\"\">\n      Continuous education\n    <\/a>  \n  <\/div>\n    <div class=\"button\">\n    <a href=\"https:\/\/www.isba.fr\/en\/school\/presentation-of-isba-tp\">\n            <img decoding=\"async\" src=\"https:\/\/www.isba.fr\/wp-content\/uploads\/2020\/10\/entreprises_ok.svg\" alt=\"\">\n      About ISBA TP\n    <\/a>  \n  <\/div>\n    <div class=\"button\">\n    <a href=\"https:\/\/www.isba.fr\/en\/school\/contact\">\n            <img decoding=\"async\" src=\"https:\/\/www.isba.fr\/wp-content\/uploads\/2020\/11\/conversation.svg\" alt=\"\">\n      Contact\n    <\/a>  \n  <\/div>\n    <\/div>\n<\/section>","protected":false},"excerpt":{"rendered":"","protected":false},"author":4,"featured_media":0,"parent":3889,"menu_order":0,"comment_status":"closed","ping_status":"closed","template":"templates\/template_gutenberg.php","meta":{"_acf_changed":false,"_uag_custom_page_level_css":"","footnotes":""},"type_de_page":[],"class_list":["post-3896","page","type-page","status-publish","hentry"],"acf":[],"uagb_featured_image_src":{"full":false,"thumbnail":false,"medium":false,"medium_large":false,"large":false,"1536x1536":false,"2048x2048":false,"gform-image-choice-sm":false,"gform-image-choice-md":false,"gform-image-choice-lg":false},"uagb_author_info":{"display_name":"edith.kussener@cciamp.com","author_link":"https:\/\/www.isba.fr\/en\/author\/edith-kussenercciamp-com"},"uagb_comment_info":0,"uagb_excerpt":null,"_links":{"self":[{"href":"https:\/\/www.isba.fr\/en\/wp-json\/wp\/v2\/pages\/3896","targetHints":{"allow":["GET"]}}],"collection":[{"href":"https:\/\/www.isba.fr\/en\/wp-json\/wp\/v2\/pages"}],"about":[{"href":"https:\/\/www.isba.fr\/en\/wp-json\/wp\/v2\/types\/page"}],"author":[{"embeddable":true,"href":"https:\/\/www.isba.fr\/en\/wp-json\/wp\/v2\/users\/4"}],"replies":[{"embeddable":true,"href":"https:\/\/www.isba.fr\/en\/wp-json\/wp\/v2\/comments?post=3896"}],"version-history":[{"count":13,"href":"https:\/\/www.isba.fr\/en\/wp-json\/wp\/v2\/pages\/3896\/revisions"}],"predecessor-version":[{"id":10477,"href":"https:\/\/www.isba.fr\/en\/wp-json\/wp\/v2\/pages\/3896\/revisions\/10477"}],"up":[{"embeddable":true,"href":"https:\/\/www.isba.fr\/en\/wp-json\/wp\/v2\/pages\/3889"}],"wp:attachment":[{"href":"https:\/\/www.isba.fr\/en\/wp-json\/wp\/v2\/media?parent=3896"}],"wp:term":[{"taxonomy":"type_de_page","embeddable":true,"href":"https:\/\/www.isba.fr\/en\/wp-json\/wp\/v2\/type_de_page?post=3896"}],"curies":[{"name":"wp","href":"https:\/\/api.w.org\/{rel}","templated":true}]}}